{"id":9587,"date":"2014-12-25T17:47:04","date_gmt":"2014-12-25T16:47:04","guid":{"rendered":"http:\/\/www.inexhibit.com\/?page_id=9587"},"modified":"2024-09-18T09:32:40","modified_gmt":"2024-09-18T07:32:40","slug":"servizi","status":"publish","type":"page","link":"https:\/\/www.inexhibit.com\/it\/servizi\/","title":{"rendered":"Pubblicit\u00e0 e servizi commerciali"},"content":{"rendered":"<p><a href=\"https:\/\/www.inexhibit.com\/wp-content\/uploads\/2014\/12\/001-inexhibit.jpg\"><img loading=\"lazy\" decoding=\"async\" class=\"alignnone size-full wp-image-48731\" src=\"https:\/\/www.inexhibit.com\/wp-content\/uploads\/2014\/12\/001-inexhibit.jpg\" alt=\"001-inexhibit\" width=\"870\" height=\"300\" srcset=\"https:\/\/www.inexhibit.com\/wp-content\/uploads\/2014\/12\/001-inexhibit.jpg 870w, https:\/\/www.inexhibit.com\/wp-content\/uploads\/2014\/12\/001-inexhibit-300x103.jpg 300w, https:\/\/www.inexhibit.com\/wp-content\/uploads\/2014\/12\/001-inexhibit-768x265.jpg 768w, https:\/\/www.inexhibit.com\/wp-content\/uploads\/2014\/12\/001-inexhibit-624x215.jpg 624w\" sizes=\"auto, (max-width: 870px) 100vw, 870px\" \/><\/a><\/p>\n<p class=\"post-text\"><strong>Inexhibit.com<\/strong> \u00e8 il uno dei pi\u00f9 importanti web magazine internazionali dedicati al design, all&#8217;architettura e all&#8217;arte. Online\u00a0da marzo 2014, Inexhibit.com collabora regolarmente con alcuni dei principali musei e studi di progettazione internazionali. Tutti i contenuti sono in italiano e in inglese.<\/p>\n<hr \/>\n<h2 class=\"post-text\" style=\"text-align: center;\"><strong><span style=\"color: #ff0000;\">PUBBLICITA&#8217;<\/span><\/strong><\/h2>\n<p class=\"post-text\" style=\"text-align: left;\">E&#8217; possibile acquistare uno spazio pubblicitario su Inexhibit.com. I formati disponibili sono tre:<\/p>\n<p class=\"post-text\"><strong>Leaderboard<\/strong> 870&#215;90:<strong> \u20ac130 \/ mese + iva<\/strong><br \/>\n<strong>Half page <\/strong>300&#215;600:<strong> \u20ac160 \/ mese + iva<\/strong><br \/>\n<strong>Large banner <\/strong>870&#215;250:<strong> \u20ac 110 \/ mese + iva<br \/>\n<\/strong><\/p>\n<p class=\"post-text\"><span style=\"color: #ff0000;\">N.B: non accettiamo pubblicit\u00e0 o annunci \u00a0di carattere erotico, relativi al gioco d&#8217;azzardo, o di carattere offensivo o razzista<\/span><\/p>\n<p class=\"post-text\">L&#8217;IVA non\u00a0sar\u00e0 applicata a soggetti passivi IVA stabiliti nella Comunit\u00e0 Europea (Italia esclusa); in tutti gli altri casi, l&#8217;IVA applicabile \u00e8 pari al 22%.<\/p>\n<p class=\"post-text\">Contattateci per i dettagli e per le modalit\u00e0 di pagamento inviando una e-mail a <a href=\"mailto:commercial@inexhibit.com\" target=\"_blank\" rel=\"noopener noreferrer\">commercial@inexhibit.com<\/a><\/p>\n<hr \/>\n<p class=\"post-text\" style=\"text-align: center;\">SCHEMA DEGLI SPAZI DISPONIBILI<\/p>\n<p><a href=\"https:\/\/www.inexhibit.com\/wp-content\/uploads\/2013\/10\/Inexhibit-advertising-units-spazi-pubblicitari.jpg\"><img loading=\"lazy\" decoding=\"async\" class=\"alignnone size-full wp-image-48762\" src=\"https:\/\/www.inexhibit.com\/wp-content\/uploads\/2013\/10\/Inexhibit-advertising-units-spazi-pubblicitari.jpg\" alt=\"Inexhibit advertising units spazi pubblicitari\" width=\"870\" height=\"1374\" srcset=\"https:\/\/www.inexhibit.com\/wp-content\/uploads\/2013\/10\/Inexhibit-advertising-units-spazi-pubblicitari.jpg 870w, https:\/\/www.inexhibit.com\/wp-content\/uploads\/2013\/10\/Inexhibit-advertising-units-spazi-pubblicitari-190x300.jpg 190w, https:\/\/www.inexhibit.com\/wp-content\/uploads\/2013\/10\/Inexhibit-advertising-units-spazi-pubblicitari-768x1213.jpg 768w, https:\/\/www.inexhibit.com\/wp-content\/uploads\/2013\/10\/Inexhibit-advertising-units-spazi-pubblicitari-648x1024.jpg 648w, https:\/\/www.inexhibit.com\/wp-content\/uploads\/2013\/10\/Inexhibit-advertising-units-spazi-pubblicitari-624x985.jpg 624w\" sizes=\"auto, (max-width: 870px) 100vw, 870px\" \/><\/a><\/p>\n<hr \/>\n<h2 class=\"post-text\" style=\"text-align: center;\"><span style=\"color: #ff0000;\"><strong><br \/>\nSEGNALAZIONI DI EVENTI \/ MOSTRE \/ PRODOTTI<\/strong><\/span><\/h2>\n<p class=\"post-text\">E&#8217; possibile pubblicare la <span style=\"text-decoration: underline;\">segnalazione di un evento, di una mostra oppure di un prodotto<\/span>.<br \/>\nLa segnalazione (testo e immagini) sar\u00e0\u00a0pubblicata su Inexhibit.com in Italiano e in inglese e sar\u00e0 <span style=\"text-decoration: underline;\">visibile nella homepage di Inexhibit per un mese<\/span> dalla pubblicazione, trascorso il quale rester\u00e0 ricercabile nel sito.<br \/>\nContattateci per i dettagli: commercial (at) inexhibit.com<\/p>\n<hr \/>\n<h2 class=\"post-text\" style=\"text-align: center;\"><span style=\"color: #ff0000;\"><strong>ORGANIZZAZIONE DI CONCORSI<\/strong><\/span><\/h2>\n<p class=\"post-text\">Inexhibit.com organizza e gestisce concorsi di design e creativit\u00e0 per conto terzi.\u00a0<strong>Incontest<\/strong> \u00e8 la nostra piattaforma specificamente dedicata a tale scopo.<br \/>\nContattateci per i dettagli a commercial (at) inexhibit.com<\/p>\n<hr \/>\n<p class=\"post-text\" style=\"text-align: left;\">Tutti i servizi commerciali sono forniti dall&#8217;editore di Inexhibit magazine:<br \/>\n<strong>Bianchini &amp; Lusiardi\u00a0architetti associati<\/strong><br \/>\nPartita IVA: 01205680190<b><br \/>\n<\/b>Indirizzo: Via dei Burchielli n. 9 &#8211; 26100, Cremona, Italia<br \/>\nTel. +39 (0)372412296<br \/>\nwww.bianchinielusiardi.com<\/p>\n<hr \/>\n<p class=\"post-text\"><strong>Se siete interessati a uno dei servizi commerciali e volete saperne di pi\u00f9 contattateci per\u00a0e-mail agli indirizzi:<\/strong><\/p>\n<h2 class=\"post-text\"><span style=\"color: #ff0000;\"><a href=\"mailto:commercial@inexhibit.com\" target=\"_blank\" rel=\"noopener noreferrer\">commercial@inexhibit.com<\/a><\/span><\/h2>\n<p class=\"post-text\">o\u00a0contattateci telefonicamente al numero <strong>+39 0372 412296<\/strong><\/p>\n","protected":false},"excerpt":{"rendered":"<p class=\"excerpt\">Inexhibit.com \u00e8 il uno dei pi\u00f9 importanti web magazine internazionali dedicati al [&hellip;]<\/p>\n","protected":false},"author":1497,"featured_media":0,"parent":0,"menu_order":0,"comment_status":"closed","ping_status":"closed","template":"","meta":{"_acf_changed":false,"footnotes":""},"visualizzazione-extra":[],"class_list":["post-9587","page","type-page","status-publish","hentry"],"acf":[],"_links":{"self":[{"href":"https:\/\/www.inexhibit.com\/it\/wp-json\/wp\/v2\/pages\/9587","targetHints":{"allow":["GET"]}}],"collection":[{"href":"https:\/\/www.inexhibit.com\/it\/wp-json\/wp\/v2\/pages"}],"about":[{"href":"https:\/\/www.inexhibit.com\/it\/wp-json\/wp\/v2\/types\/page"}],"author":[{"embeddable":true,"href":"https:\/\/www.inexhibit.com\/it\/wp-json\/wp\/v2\/users\/1497"}],"replies":[{"embeddable":true,"href":"https:\/\/www.inexhibit.com\/it\/wp-json\/wp\/v2\/comments?post=9587"}],"version-history":[{"count":0,"href":"https:\/\/www.inexhibit.com\/it\/wp-json\/wp\/v2\/pages\/9587\/revisions"}],"wp:attachment":[{"href":"https:\/\/www.inexhibit.com\/it\/wp-json\/wp\/v2\/media?parent=9587"}],"wp:term":[{"taxonomy":"visualizzazione-extra","embeddable":true,"href":"https:\/\/www.inexhibit.com\/it\/wp-json\/wp\/v2\/visualizzazione-extra?post=9587"}],"curies":[{"name":"wp","href":"https:\/\/api.w.org\/{rel}","templated":true}]}}