{"id":9577,"date":"2014-12-25T16:09:28","date_gmt":"2014-12-25T15:09:28","guid":{"rendered":"http:\/\/www.inexhibit.com\/?page_id=9577"},"modified":"2018-06-05T11:26:37","modified_gmt":"2018-06-05T09:26:37","slug":"privacy-policy","status":"publish","type":"page","link":"https:\/\/www.inexhibit.com\/it\/privacy-policy\/","title":{"rendered":"Privacy Policy"},"content":{"rendered":"<p style=\"text-align: center;\"><strong>INFORMAZIONI SUL TRATTAMENTO DEI DATI PERSONALI<\/strong><br \/>\ndegli utenti che consultano\u00a0questo sito per la protezione dei dati personali<\/p>\n<p style=\"text-align: center;\">ai sensi dell&#8217;articolo 13 del Regolamento (UE) 2016\/679<\/p>\n<p class=\"post-text\">PERCHE&#8217; QUESTO AVVISO<br \/>\nIn questa pagina si descrivono le modalit\u00e0 di gestione del sito in riferimento al trattamento dei dati personali degli utenti che lo consultano.<\/p>\n<p class=\"post-text\">Si tratta di un&#8217;informativa che \u00e8 resa anche ai sensi dell&#8217;dell&#8217;articolo 13 del Regolamento (UE) 2016\/679 a coloro che interagiscono con i servizi web di Inexhibit, accessibili per via telematica a partire dall&#8217;indirizzo:<br \/>\n<strong>www.inexhibit.com<br \/>\n<\/strong>e<br \/>\n<strong>www.inexhibit.com\/It<br \/>\n<\/strong>corrispondenti alla pagina iniziale del sito ufficiale di Inexhibit in lingua inglese ed italiana.<\/p>\n<p class=\"post-text\">L&#8217;informativa \u00e8 resa <strong>solo per il sito Inexhibit<\/strong> e non per altri siti web eventualmente consultati dall&#8217;utente tramite link.<\/p>\n<p class=\"post-text\">L&#8217;informativa si ispira anche alla Raccomandazione n. 2\/2001 che le autorit\u00e0 europee per la protezione dei dati personali, riunite nel Gruppo istituito dall&#8217;art. 29 della direttiva n. 95\/46\/CE, hanno adottato il 17 maggio 2001 per individuare alcuni requisiti minimi per la raccolta di dati personali on-line, e, in particolare, le modalit\u00e0, i tempi e la natura delle informazioni che i titolari del trattamento devono fornire agli utenti quando questi si collegano a pagine web, indipendentemente dagli scopi del collegamento.<\/p>\n<p class=\"post-text\">La Raccomandazione e una descrizione di sintesi delle sue finalit\u00e0 sono riportate in altre pagine di questo sito.<\/p>\n<p class=\"post-text\">IL &#8220;TITOLARE&#8221; DEL TRATTAMENTO<br \/>\nA seguito della consultazione di questo sito possono essere trattati dati relativi a persone identificate o identificabili.<br \/>\nIl titolare del\u00a0trattamento dei dati \u00e8\u00a0<strong>Bianchini\u00a0&amp; Lusiardi Associati<\/strong>, con sede in \u00a0Via dei Burchielli 9, 26100\u00a0Cremona (Italia), e-mail: info@bianchinielusiardi.com, tel. +39 0372 412296<\/p>\n<p class=\"post-text\">RESPONSABILE DELLA PROTEZIONE DEI DATI<br \/>\nIl\u00a0responsabile della protezione dei dati \u00e8 <strong>Riccardo Bianchini<\/strong>, c\/o\u00a0<strong>Bianchini\u00a0&amp; Lusiardi Associati<\/strong>, con sede in \u00a0Via dei Burchielli 9, 26100\u00a0Cremona (Italia), e-mail: info@bianchinielusiardi.com, tel. +39 0372 412296<\/p>\n<p class=\"post-text\">RESPONSABILE DEL TRATTAMENTO<br \/>\nLa societ\u00e0 Metarete s.r.l \u00e8 stata designata responsabile del trattamento ai sensi dell&#8217;articolo 29 del Codice in materia di protezione dei dati personali, in quanto incaricata della manutenzione della parte tecnologica del sito.<\/p>\n<p class=\"post-text\">LUOGO DI TRATTAMENTO DEI DATI<br \/>\nI trattamenti connessi ai servizi web di questo sito hanno luogo presso la predetta sede e sono curati solo da personale tecnico dell&#8217;Ufficio incaricato del trattamento. In caso di necessit\u00e0, i dati connessi al servizio newsletter possono essere trattati dal personale della societ\u00e0 che cura la manutenzione della parte tecnologica del sito, Metarete srl, via Mantova, 71, Cremona (Italia)\u00a0(responsabile del trattamento ai sensi dell&#8217;articolo 29 del Codice in materia di protezione dei dati personali), presso la sede della societ\u00e0 medesima.<\/p>\n<p class=\"post-text\">TIPI DI DATI TRATTATI<br \/>\n<em>Dati di navigazione<\/em><br \/>\nI sistemi informatici e le procedure software preposte al funzionamento di questo sito web acquisiscono, nel corso del loro normale esercizio, alcuni dati personali la cui trasmissione \u00e8 implicita nell&#8217;uso dei protocolli di comunicazione di Internet.<\/p>\n<p class=\"post-text\">Si tratta di informazioni che non sono raccolte per essere associate a interessati identificati, ma che per loro stessa natura potrebbero, attraverso elaborazioni ed associazioni con dati detenuti da terzi, permettere di identificare gli utenti.<\/p>\n<p class=\"post-text\">In questa categoria di dati rientrano gli indirizzi IP o i nomi a dominio dei computer utilizzati dagli utenti che si connettono al sito, gli indirizzi in notazione URI (Uniform Resource Identifier) delle risorse richieste, l&#8217;orario della richiesta, il metodo utilizzato nel sottoporre la richiesta al server, la dimensione del file ottenuto in risposta, il codice numerico indicante lo stato della risposta data dal server (buon fine, errore, ecc.) ed altri parametri relativi al sistema operativo e all&#8217;ambiente informatico dell&#8217;utente.<\/p>\n<p class=\"post-text\">Questi dati vengono utilizzati al solo fine di ricavare informazioni statistiche anonime sull&#8217;uso del sito e per controllarne il corretto funzionamento e vengono cancellati immediatamente dopo l&#8217;elaborazione. I dati potrebbero essere utilizzati per l&#8217;accertamento di responsabilit\u00e0 in caso di ipotetici reati informatici ai danni del sito: salva questa eventualit\u00e0, allo stato i dati sui contatti web non persistono per pi\u00f9 di sette giorni.<br \/>\nDati forniti volontariamente dall&#8217;utente<br \/>\nL&#8217;invio facoltativo, esplicito e volontario di posta elettronica agli indirizzi indicati su questo sito comporta la successiva acquisizione dell&#8217;indirizzo del mittente, necessario per rispondere alle richieste, nonch\u00e9 degli eventuali altri dati personali inseriti nella missiva.<br \/>\nSpecifiche informative di sintesi verranno progressivamente riportate o visualizzate nelle pagine del sito predisposte per particolari servizi a richiesta.<\/p>\n<p class=\"post-text\"><em>Cookies<br \/>\n<\/em>Per quanto riguarda la gestione dei Cookies da parte di questo sito si prega di riferirsi alla pagina specifica relativa alla nostra Informativa estesa sui Cookie disponibile all&#8217;indirizzo\u00a0<a title=\"Informativa Estesa Cookie\" href=\"\/?page_id=18196\" target=\"_blank\" rel=\"noopener noreferrer\">www.inexhibit.com\/it\/informativa-estesa-sui-cookie\/<\/a><\/p>\n<p class=\"post-text\"><em>Invio Newsletter<\/em><br \/>\nMailChimp &#8211; Dati Personali: email<\/p>\n<p class=\"post-text\">FACOLTATIVITA&#8217; DEL CONFERIMENTO DEI DATI<br \/>\nA parte quanto specificato per i dati di navigazione, l&#8217;utente \u00e8 libero di fornire i dati personali riportati nei moduli di richiesta ad Inexhibit o comunque indicati in contatti con l&#8217;Ufficio per sollecitare l&#8217;invio della newsletter, di materiale informativo o di altre comunicazioni.<\/p>\n<p class=\"post-text\">Il loro mancato conferimento pu\u00f2 comportare l&#8217;impossibilit\u00e0 di ottenere quanto richiesto.<\/p>\n<p class=\"post-text\">Per completezza va ricordato che in alcuni casi (non oggetto dell&#8217;ordinaria gestione di questo sito) l&#8217;Autorit\u00e0 pu\u00f2 richiedere notizie e informazioni ai sensi dell&#8217;articolo 157 del Codice in materia di protezione dei dati personali, ai fini del controllo sul trattamento dei dati personali. In questi casi la risposta \u00e8 obbligatoria a pena di sanzione amministrativa.<\/p>\n<p class=\"post-text\">MODALITA&#8217; DEL TRATTAMENTO<br \/>\nI dati personali sono trattati con strumenti automatizzati per il tempo strettamente necessario a conseguire gli scopi per cui sono stati raccolti.<\/p>\n<p class=\"post-text\">Specifiche misure di sicurezza sono osservate per prevenire la perdita dei dati, usi illeciti o non corretti ed accessi non autorizzati.<\/p>\n<p class=\"post-text\">DIRITTI DEGLI INTERESSATI<br \/>\nI soggetti cui si riferiscono i dati personali hanno il diritto in qualunque momento di ottenere la conferma dell&#8217;esistenza o meno dei medesimi dati e di conoscerne il contenuto e l&#8217;origine, verificarne l&#8217;esattezza o chiederne l&#8217;integrazione o l&#8217;aggiornamento, oppure la rettificazione (articolo 7 del Codice in materia di protezione dei dati personali).<\/p>\n<p class=\"post-text\">Ai sensi del medesimo articolo si ha il diritto di chiedere la cancellazione, la trasformazione in forma anonima o il blocco dei dati trattati in violazione di legge, nonch\u00e9 di opporsi in ogni caso, per motivi legittimi, al loro trattamento.<\/p>\n<p class=\"post-text\">Le richieste vanno rivolte:<br \/>\nper e-mail a\u00a0<strong>info@bianchinielusiardi.com<br \/>\n<\/strong>oppure<br \/>\nvia posta, a <strong>Bianchini e Lusiardi associati<\/strong>, che ha sede in Cremona (Italia), via dei Burchielli n. 9, cap \u00a026100.<\/p>\n","protected":false},"excerpt":{"rendered":"<p class=\"excerpt\">INFORMAZIONI SUL TRATTAMENTO DEI DATI PERSONALI degli utenti che consultano\u00a0questo sito per [&hellip;]<\/p>\n","protected":false},"author":1497,"featured_media":0,"parent":0,"menu_order":0,"comment_status":"closed","ping_status":"closed","template":"","meta":{"_acf_changed":false,"footnotes":""},"visualizzazione-extra":[],"class_list":["post-9577","page","type-page","status-publish","hentry"],"acf":[],"_links":{"self":[{"href":"https:\/\/www.inexhibit.com\/it\/wp-json\/wp\/v2\/pages\/9577","targetHints":{"allow":["GET"]}}],"collection":[{"href":"https:\/\/www.inexhibit.com\/it\/wp-json\/wp\/v2\/pages"}],"about":[{"href":"https:\/\/www.inexhibit.com\/it\/wp-json\/wp\/v2\/types\/page"}],"author":[{"embeddable":true,"href":"https:\/\/www.inexhibit.com\/it\/wp-json\/wp\/v2\/users\/1497"}],"replies":[{"embeddable":true,"href":"https:\/\/www.inexhibit.com\/it\/wp-json\/wp\/v2\/comments?post=9577"}],"version-history":[{"count":0,"href":"https:\/\/www.inexhibit.com\/it\/wp-json\/wp\/v2\/pages\/9577\/revisions"}],"wp:attachment":[{"href":"https:\/\/www.inexhibit.com\/it\/wp-json\/wp\/v2\/media?parent=9577"}],"wp:term":[{"taxonomy":"visualizzazione-extra","embeddable":true,"href":"https:\/\/www.inexhibit.com\/it\/wp-json\/wp\/v2\/visualizzazione-extra?post=9577"}],"curies":[{"name":"wp","href":"https:\/\/api.w.org\/{rel}","templated":true}]}}