{"id":9572,"date":"2014-12-25T15:20:48","date_gmt":"2014-12-25T14:20:48","guid":{"rendered":"http:\/\/www.inexhibit.com\/?page_id=9572"},"modified":"2015-01-07T09:02:29","modified_gmt":"2015-01-07T08:02:29","slug":"copyright-2","status":"publish","type":"page","link":"https:\/\/www.inexhibit.com\/it\/copyright-2\/","title":{"rendered":"Copyright"},"content":{"rendered":"<p class=\"post-text\"><span style=\"line-height: 1.714285714; font-size: 1rem;\"><strong>Inexhibit<\/strong> contiene contenuti prodotti sia in proprio che da terzi; tutti i contenuti pubblicati riportano i crediti e i diritti riservati relativi. Materiale creditato ad Inexhibit ha tutti i diritti riservati. In caso si desideri utilizzare parte del materiale pubblicato \u00e8 necessario contattare Inexhibit allo scopo di ottenere le relative autorizzazioni, che verranno concesse ad esclusiva discrezione di Inexhibit. I copyrights sul materiale protetto fornito da terzi appartengono agli autori; inexhibit non ha la facolt\u00e0 di concederli a terzi senza l&#8217;esplicito consenso dei tiolari dei diritti relativi.<\/span><\/p>\n<p class=\"post-text\"><strong>Materiale inviato dagli utenti del sito:\u00a0<\/strong> Il materiale fornito dagli utenti: informazioni, dati, testi, suoni, fotografie, creazioni grafiche, video, messaggi, programmi, pubblicit\u00e0 ed ogni altro materiale trasmesso per la pubblicazione o privatamente \u00e8 sotto l&#8217;esclusiva responsabilit\u00e0 della persona che lo trasmette; ci\u00f2 significa che l&#8217;utente \u00e8 interamente responsabile nel materiale trasmesso e visibile attraverso Inexhibit.<br \/>\nSpesso verifichiamo e controlliamo il materiale ricevuto ma, poich\u00e8 \u00e8 impossibile farlo in modo completo, non garantiamo la sua accuratezza e pertinenza e non siamo responsabili in alcun modo del materiale prodotto da terzi; l&#8217;utente \u00e8 informato che non siamo obbligati in alcun modo al controllo, verifica ed eventuale eliminazione \u00a0del materiale ricevuto; ci riserviamo per\u00f2 il diritto di farlo a nostra esclusiva discrezione ed in partcolare di rimuovere ogni materiale controllato che a nostro parere sia mancante delle necessarie autorizzazioni, documentazioni e dichiarazioni relative ad ogni tipo di diritti riservati ed alla pubblicazione sul sito Inexhibit.<br \/>\ninexhibit non riserva per s\u00e8 alcun diritto di propriet\u00e0 sul materiale inviato; ci\u00f2 nonostante l&#8217;utente, all&#8217;atto della trasmissione, concede ad Inexhibit una licenza perpetua, gratuita, mondiale e non esclusiva all&#8217;utilizzo, distribuzione, riproduzione, modifica ed adattamento del materiale inviato ed a pubblicare il materiale. Nell&#8217;inviare il materiale per concorsi organizzati da Inexhibit, l&#8217;utente autorizza Inexhibit ad utilizzarlo, oltre che su Inexhibit, anche in siti terzi, quotidiani e riviste a scopi pubblicitari ed informativi relativi al concorso in oggetto.<\/p>\n<p class=\"post-text\">In nessuna circostanza ci riterremo responsabili di qualsivoglia danno causato da materiale o contenuto ricevuto da terzi e reso pubblico attraverso il nostro sistema di ricezione automatico.<\/p>\n<p class=\"post-text\"><strong>Collegamenti esterni:<\/strong> Inexhibit contiene collegamenti ad altri siti web, siti pubblicitari ed altre risorse on-line. Poich\u00e8 tali risorse sono al di fuori del nostro controllo, l&#8217;utente \u00e8 conscio ed approva che Inexhibit non \u00e8 responsabile della correttezza di tali collegamenti n\u00e8 del contenuto accessibile da tali collegamenti. L&#8217;utente \u00e8 a conoscenza del fatto che Inexhibit non risponder\u00e0 per eventuali danni causati da tali collegamenti esterni e dalle risorse da essi accessibili.<\/p>\n<p class=\"post-text\"><span style=\"line-height: 1.714285714; font-size: 1rem;\">Nell&#8217;accedere ad Inexhibit, l&#8217;utente accetta tutti i termini di uso, di copyright e di privacy esposti in questo sito web.<\/span><\/p>\n","protected":false},"excerpt":{"rendered":"<p class=\"excerpt\">Inexhibit contiene contenuti prodotti sia in proprio che da terzi; tutti i [&hellip;]<\/p>\n","protected":false},"author":1497,"featured_media":0,"parent":0,"menu_order":0,"comment_status":"closed","ping_status":"closed","template":"","meta":{"_acf_changed":false,"footnotes":""},"visualizzazione-extra":[],"class_list":["post-9572","page","type-page","status-publish","hentry"],"acf":[],"_links":{"self":[{"href":"https:\/\/www.inexhibit.com\/it\/wp-json\/wp\/v2\/pages\/9572","targetHints":{"allow":["GET"]}}],"collection":[{"href":"https:\/\/www.inexhibit.com\/it\/wp-json\/wp\/v2\/pages"}],"about":[{"href":"https:\/\/www.inexhibit.com\/it\/wp-json\/wp\/v2\/types\/page"}],"author":[{"embeddable":true,"href":"https:\/\/www.inexhibit.com\/it\/wp-json\/wp\/v2\/users\/1497"}],"replies":[{"embeddable":true,"href":"https:\/\/www.inexhibit.com\/it\/wp-json\/wp\/v2\/comments?post=9572"}],"version-history":[{"count":0,"href":"https:\/\/www.inexhibit.com\/it\/wp-json\/wp\/v2\/pages\/9572\/revisions"}],"wp:attachment":[{"href":"https:\/\/www.inexhibit.com\/it\/wp-json\/wp\/v2\/media?parent=9572"}],"wp:term":[{"taxonomy":"visualizzazione-extra","embeddable":true,"href":"https:\/\/www.inexhibit.com\/it\/wp-json\/wp\/v2\/visualizzazione-extra?post=9572"}],"curies":[{"name":"wp","href":"https:\/\/api.w.org\/{rel}","templated":true}]}}