{"id":48681,"date":"2017-12-22T11:07:08","date_gmt":"2017-12-22T10:07:08","guid":{"rendered":"https:\/\/www.inexhibit.com\/?page_id=48681"},"modified":"2019-02-04T10:12:05","modified_gmt":"2019-02-04T09:12:05","slug":"indi-pagina-di-contatto","status":"publish","type":"page","link":"https:\/\/www.inexhibit.com\/it\/indi-pagina-di-contatto\/","title":{"rendered":"in.di &#8211; pagina di contatto"},"content":{"rendered":"<p><a href=\"https:\/\/www.inexhibit.com\/wp-content\/uploads\/2017\/12\/in.di-BANNER-PAGINA-WEB-INFO.jpg\"><img loading=\"lazy\" decoding=\"async\" class=\"size-full wp-image-48823 aligncenter\" src=\"https:\/\/www.inexhibit.com\/wp-content\/uploads\/2017\/12\/in.di-BANNER-PAGINA-WEB-INFO.jpg\" alt=\"in.di-BANNER-PAGINA-WEB-INFO\" width=\"870\" height=\"290\" srcset=\"https:\/\/www.inexhibit.com\/wp-content\/uploads\/2017\/12\/in.di-BANNER-PAGINA-WEB-INFO.jpg 870w, https:\/\/www.inexhibit.com\/wp-content\/uploads\/2017\/12\/in.di-BANNER-PAGINA-WEB-INFO-300x100.jpg 300w, https:\/\/www.inexhibit.com\/wp-content\/uploads\/2017\/12\/in.di-BANNER-PAGINA-WEB-INFO-768x256.jpg 768w, https:\/\/www.inexhibit.com\/wp-content\/uploads\/2017\/12\/in.di-BANNER-PAGINA-WEB-INFO-624x208.jpg 624w\" sizes=\"auto, (max-width: 870px) 100vw, 870px\" \/><\/a><\/p>\n<p style=\"text-align: center;\"><strong>Premessa<br \/>\n<\/strong>Gli oggetti sono parte dei nostri paesaggi personali.\u00a0Ne apprezziamo i materiali, le forme da cui traspare l&#8217;intelligenza di chi li ha pensati, la capacit\u00e0 di evocare luoghi &#8211; reali, letterari, cinematografici &#8211; nei quali vorremmo stare o essere stati.<\/p>\n<p style=\"text-align: center;\"><a href=\"https:\/\/www.inexhibit.com\/wp-content\/uploads\/2017\/12\/indi-banner-oggetti-pagina-info.jpg\"><img loading=\"lazy\" decoding=\"async\" class=\"alignnone size-full wp-image-49634\" src=\"https:\/\/www.inexhibit.com\/wp-content\/uploads\/2017\/12\/indi-banner-oggetti-pagina-info.jpg\" alt=\"indi-banner-oggetti-pagina-info\" width=\"1180\" height=\"250\" srcset=\"https:\/\/www.inexhibit.com\/wp-content\/uploads\/2017\/12\/indi-banner-oggetti-pagina-info.jpg 1180w, https:\/\/www.inexhibit.com\/wp-content\/uploads\/2017\/12\/indi-banner-oggetti-pagina-info-870x184.jpg 870w, https:\/\/www.inexhibit.com\/wp-content\/uploads\/2017\/12\/indi-banner-oggetti-pagina-info-300x64.jpg 300w, https:\/\/www.inexhibit.com\/wp-content\/uploads\/2017\/12\/indi-banner-oggetti-pagina-info-768x163.jpg 768w, https:\/\/www.inexhibit.com\/wp-content\/uploads\/2017\/12\/indi-banner-oggetti-pagina-info-1024x217.jpg 1024w, https:\/\/www.inexhibit.com\/wp-content\/uploads\/2017\/12\/indi-banner-oggetti-pagina-info-624x132.jpg 624w\" sizes=\"auto, (max-width: 1180px) 100vw, 1180px\" \/><\/a><\/p>\n<p style=\"text-align: center;\"><strong>Cos&#8217;\u00e8 in.di<br \/>\n<\/strong>in.di &#8211; inexhibit design index &#8211; promuove il meglio del design indipendente.<br \/>\nIn.di presenta aziende e designer-autoproduttori e le loro collezioni.<br \/>\nDentro in.di non ci sono progetti e prototipi ma solo oggetti .<br \/>\nImmaginiamo in.di come una <em>community<\/em> di chi progetta seguendo percorsi laterali, come uno spazio in espansione per le realt\u00e0 produttive pi\u00f9 interessanti che meritano occasioni di visibilit\u00e0.<br \/>\nin.di \u00e8 in cerca di qualit\u00e0 e innovazione, di cose pensate e fatte bene, di designer\/produttori, di artigiani illuminati e di piccole aziende capaci di trarre il meglio da tecniche realizzative poco compatibili con la produzione di massa,<br \/>\n<span style=\"font-size: 1rem;\">per non disperdere ci\u00f2 che, semplificando, definiamo design indipendente.<\/span><\/p>\n<p style=\"text-align: center;\"><strong>Chi pu\u00f2 partecipare\u00a0a in.di<\/strong><br \/>\nI sottoscrittori di in.di possono essere: makers, designers\/produttori,<br \/>\naziende artigiane, gallerie di design.<br \/>\nUso creativo e consapevole dei materiali, innovazione concettuale e produttiva, valorizzazione delle specificit\u00e0 di un territorio: i designers e i produttori di in.di verranno selezionati per almeno una di queste ragioni.<\/p>\n<p style=\"text-align: center;\"><strong>Cosa vi offre in.di<\/strong><br \/>\nin.di \u00e8 un progetto di Inexhibit.com, un magazine bilingue che dal 2014 \u00e8 apprezzato da un pubblico internazionale, non di soli addetti ai lavori, interessato a contenuti trasversali: architettura, recensioni di luoghi espositivi, segnalazioni delle pi\u00f9 importanti design weeks e mostre di arte moderna e contemporanea.<br \/>\nin.di vi offre l&#8217;inserimento in due galleries &#8211; una per le aziende e una per i prodotti &#8211;<br \/>\ne si pone come punto di incontro fra i designers \/ produttori e i lettori del magazine, attraversandolo\u00a0 con banners personalizzati che rimandano alle schede aziendali.<\/p>\n<p style=\"text-align: center;\"><strong>Sottoscrizione<\/strong><br \/>\nL&#8217;adesione a in.di prevede il versamento di una quota annuale.<br \/>\nL&#8217;adesione ha la durata di 12 mesi che decorrono dalla data di effettiva pubblicazione<br \/>\nonline delle vostre schede.<\/p>\n<p style=\"text-align: center;\"><strong>Modalit\u00e0 di sottoscrizione<\/strong><br \/>\nLa pubblicazione su\u00a0in.di non \u00e8 automatica, tutte le proposte saranno oggetto di valutazione.<br \/>\nSe siete interessati a inserire i vostri prodotti contattateci all&#8217;indirizzo commercial (at) inexhibit.com<\/p>\n<p style=\"text-align: center;\"><strong>Contatti e\u00a0team di in.di<br \/>\n<\/strong>Se desiderate avere maggiori informazioni su in.di potete\u00a0scriverci a <span style=\"color: #ff0000;\">commercial (at) inexhibit.com<\/span>.<\/p>\n<p style=\"text-align: center;\"><strong>in.di \u00e8 fatto da<\/strong><br \/>\nRiccardo Bianchini<br \/>\nFederica Lusiardi<br \/>\nin collaborazione con Nelly Bonati<\/p>\n<p>&nbsp;<\/p>\n<p style=\"text-align: center;\"><strong>Come \u00e8 fatto in.di<\/strong><\/p>\n<p><a href=\"https:\/\/www.inexhibit.com\/wp-content\/uploads\/2017\/12\/indi-schema-relazioni-ita-2.jpg\"><img loading=\"lazy\" decoding=\"async\" class=\"alignnone size-full wp-image-49045\" src=\"https:\/\/www.inexhibit.com\/wp-content\/uploads\/2017\/12\/indi-schema-relazioni-ita-2.jpg\" alt=\"indi-schema-relazioni-ita\" width=\"1180\" height=\"905\" srcset=\"https:\/\/www.inexhibit.com\/wp-content\/uploads\/2017\/12\/indi-schema-relazioni-ita-2.jpg 1180w, https:\/\/www.inexhibit.com\/wp-content\/uploads\/2017\/12\/indi-schema-relazioni-ita-2-870x667.jpg 870w, https:\/\/www.inexhibit.com\/wp-content\/uploads\/2017\/12\/indi-schema-relazioni-ita-2-300x230.jpg 300w, https:\/\/www.inexhibit.com\/wp-content\/uploads\/2017\/12\/indi-schema-relazioni-ita-2-768x589.jpg 768w, https:\/\/www.inexhibit.com\/wp-content\/uploads\/2017\/12\/indi-schema-relazioni-ita-2-1024x785.jpg 1024w, https:\/\/www.inexhibit.com\/wp-content\/uploads\/2017\/12\/indi-schema-relazioni-ita-2-624x479.jpg 624w\" sizes=\"auto, (max-width: 1180px) 100vw, 1180px\" \/><\/a><\/p>\n<p><a href=\"https:\/\/www.inexhibit.com\/wp-content\/uploads\/2017\/12\/indi-scheda-tipo-designer-azienda-ITA-2.jpg\"><img loading=\"lazy\" decoding=\"async\" class=\"alignnone size-full wp-image-49008\" src=\"https:\/\/www.inexhibit.com\/wp-content\/uploads\/2017\/12\/indi-scheda-tipo-designer-azienda-ITA-2.jpg\" alt=\"indi-scheda-tipo-designer-azienda-ITA-2\" width=\"1180\" height=\"876\" srcset=\"https:\/\/www.inexhibit.com\/wp-content\/uploads\/2017\/12\/indi-scheda-tipo-designer-azienda-ITA-2.jpg 1180w, https:\/\/www.inexhibit.com\/wp-content\/uploads\/2017\/12\/indi-scheda-tipo-designer-azienda-ITA-2-870x646.jpg 870w, https:\/\/www.inexhibit.com\/wp-content\/uploads\/2017\/12\/indi-scheda-tipo-designer-azienda-ITA-2-300x223.jpg 300w, https:\/\/www.inexhibit.com\/wp-content\/uploads\/2017\/12\/indi-scheda-tipo-designer-azienda-ITA-2-768x570.jpg 768w, https:\/\/www.inexhibit.com\/wp-content\/uploads\/2017\/12\/indi-scheda-tipo-designer-azienda-ITA-2-1024x760.jpg 1024w, https:\/\/www.inexhibit.com\/wp-content\/uploads\/2017\/12\/indi-scheda-tipo-designer-azienda-ITA-2-624x463.jpg 624w\" sizes=\"auto, (max-width: 1180px) 100vw, 1180px\" \/><\/a><\/p>\n<p><a href=\"https:\/\/www.inexhibit.com\/wp-content\/uploads\/2017\/12\/scheda-tipo-oggetto-ITA-2-1.jpg\"><img loading=\"lazy\" decoding=\"async\" class=\"alignnone size-full wp-image-49048\" src=\"https:\/\/www.inexhibit.com\/wp-content\/uploads\/2017\/12\/scheda-tipo-oggetto-ITA-2-1.jpg\" alt=\"scheda-tipo-oggetto-ITA-2\" width=\"1180\" height=\"1496\" srcset=\"https:\/\/www.inexhibit.com\/wp-content\/uploads\/2017\/12\/scheda-tipo-oggetto-ITA-2-1.jpg 1180w, https:\/\/www.inexhibit.com\/wp-content\/uploads\/2017\/12\/scheda-tipo-oggetto-ITA-2-1-870x1103.jpg 870w, https:\/\/www.inexhibit.com\/wp-content\/uploads\/2017\/12\/scheda-tipo-oggetto-ITA-2-1-237x300.jpg 237w, https:\/\/www.inexhibit.com\/wp-content\/uploads\/2017\/12\/scheda-tipo-oggetto-ITA-2-1-768x974.jpg 768w, https:\/\/www.inexhibit.com\/wp-content\/uploads\/2017\/12\/scheda-tipo-oggetto-ITA-2-1-808x1024.jpg 808w, https:\/\/www.inexhibit.com\/wp-content\/uploads\/2017\/12\/scheda-tipo-oggetto-ITA-2-1-624x791.jpg 624w\" sizes=\"auto, (max-width: 1180px) 100vw, 1180px\" \/><\/a><\/p>\n","protected":false},"excerpt":{"rendered":"<p class=\"excerpt\">Premessa Gli oggetti sono parte dei nostri paesaggi personali.\u00a0Ne apprezziamo i materiali, [&hellip;]<\/p>\n","protected":false},"author":1497,"featured_media":0,"parent":0,"menu_order":0,"comment_status":"closed","ping_status":"closed","template":"page-indi-contact-page.php","meta":{"_acf_changed":false,"footnotes":""},"visualizzazione-extra":[],"class_list":["post-48681","page","type-page","status-publish","hentry"],"acf":[],"_links":{"self":[{"href":"https:\/\/www.inexhibit.com\/it\/wp-json\/wp\/v2\/pages\/48681","targetHints":{"allow":["GET"]}}],"collection":[{"href":"https:\/\/www.inexhibit.com\/it\/wp-json\/wp\/v2\/pages"}],"about":[{"href":"https:\/\/www.inexhibit.com\/it\/wp-json\/wp\/v2\/types\/page"}],"author":[{"embeddable":true,"href":"https:\/\/www.inexhibit.com\/it\/wp-json\/wp\/v2\/users\/1497"}],"replies":[{"embeddable":true,"href":"https:\/\/www.inexhibit.com\/it\/wp-json\/wp\/v2\/comments?post=48681"}],"version-history":[{"count":0,"href":"https:\/\/www.inexhibit.com\/it\/wp-json\/wp\/v2\/pages\/48681\/revisions"}],"wp:attachment":[{"href":"https:\/\/www.inexhibit.com\/it\/wp-json\/wp\/v2\/media?parent=48681"}],"wp:term":[{"taxonomy":"visualizzazione-extra","embeddable":true,"href":"https:\/\/www.inexhibit.com\/it\/wp-json\/wp\/v2\/visualizzazione-extra?post=48681"}],"curies":[{"name":"wp","href":"https:\/\/api.w.org\/{rel}","templated":true}]}}