{"id":22650,"date":"2015-10-28T12:51:35","date_gmt":"2015-10-28T11:51:35","guid":{"rendered":"http:\/\/www.inexhibit.com\/it\/?page_id=22650"},"modified":"2018-07-09T10:32:58","modified_gmt":"2018-07-09T08:32:58","slug":"iscrizione-alla-newsletter-di-inexhibit","status":"publish","type":"page","link":"https:\/\/www.inexhibit.com\/it\/iscrizione-alla-newsletter-di-inexhibit\/","title":{"rendered":"Iscrizione alla newsletter di Inexhibit"},"content":{"rendered":"<p>Se volete ricevere gli aggiornamenti sugli ultimi articoli di arte, architettura e design pubblicati su Inexhibit, insieme alle news su musei e mostre, iscrivetevi liberamente alla nostra <strong>newsletter<\/strong>.<\/p>\n<p>ATTENZIONE: i dati personali che raccogliamo con\u00a0l&#8217;iscrizione alla newsletter di\u00a0Inexhibit (esclusivamente\u00a0la vostra e-mail e l&#8217;indirizzo IP dal quale vi registrate) e che sono custoditi presso il servizio di gestione dell&#8217;invio della newsletter (Mailchimp, vedi la privacy policy relativa\u00a0<strong><a href=\"https:\/\/mailchimp.com\/legal\/privacy\/\" target=\"_blank\" rel=\"noopener noreferrer\">qui<\/a><\/strong>) e presso la nostra sede <strong>saranno da noi utilizzati esclusivamente per inviarvi la nostra newsletter\u00a0o comunicazioni di servizio ad essa relative.\u00a0Non saranno da noi ceduti a\u00a0terze parti\u00a0o utilizzati per pubblicit\u00e0.\u00a0<\/strong>Se\u00a0avete\u00a0meno di 18 anni, questo modulo deve essere sottoscritto dai\u00a0vostri\u00a0genitori o dal\u00a0vostro\u00a0tutore.<\/p>\n<p>Per iscriversi \u00e8 sufficiente inserire\u00a0il vostro indirizzo e-mail, riceverete a breve un messaggio con un link di conferma. PRIMA di iscrivervi alla nostra newsletter gratuita inserendo la\u00a0vostra e-mail e cliccando sul pulsante &#8220;subscribe&#8221; dovete aver preso visione della politica relativa alla protezione dei dati personali di questo sito &#8211; che trovate\u00a0<a href=\"https:\/\/www.inexhibit.com\/it\/privacy-policy\/\" target=\"_blank\" rel=\"noopener noreferrer\"><strong>qui<\/strong><\/a> &#8211; , ed averne accettato i termini\u00a0relativi all&#8217;uso dei suoi dati personali.\u00a0\u00a0Potrete in ogni\u00a0momento revocare tale consenso e richiedere la cancellazione dei\u00a0vostri dati personali inviando una email a info@inexhibit.com.<\/p>\n<hr \/>\n<p>Ho preso visione di quanto indicato sopra, ne accetto i termini e desidero iscrivermi alla newsletter di Inexhibit.\u00a0La newsletter verr\u00e0 inviata settimanalmente all&#8217;indirizzo e-mail che indicherete ed \u00e8 ottimizzata sia per dispositivi mobili che per computer desktop. La nostra newsletter \u00e8 completamente gratuita.<\/p>\n<p><!-- Begin MailChimp Signup Form -->\n<link href=\"\/\/cdn-images.mailchimp.com\/embedcode\/classic-10_7.css\" rel=\"stylesheet\" type=\"text\/css\">\n<style type=\"text\/css\">\n\t#mc_embed_signup{background:#fff; clear:left; font:14px Helvetica,Arial,sans-serif; }\n\t\/* Add your own MailChimp form style overrides in your site stylesheet or in this style block.\n\t   We recommend moving this block and the preceding CSS link to the HEAD of your HTML file. *\/\n<\/style>\n<div id=\"mc_embed_signup\">\n<form action=\"https:\/\/inexhibit.us12.list-manage.com\/subscribe\/post?u=09be2993ab2aebb9b728c36a7&amp;id=1a417bd5c2\" method=\"post\" id=\"mc-embedded-subscribe-form\" name=\"mc-embedded-subscribe-form\" class=\"validate\" target=\"_blank\" novalidate>\n<div id=\"mc_embed_signup_scroll\">\n<h2>Mi interessa ricevere la newsletter di Inexhibit<\/h2>\n<div class=\"indicates-required\"><span class=\"asterisk\">*<\/span> indicates required<\/div>\n<div class=\"mc-field-group\">\n\t<label for=\"mce-EMAIL\">Email Address  <span class=\"asterisk\">*<\/span><br \/>\n<\/label><br \/>\n\t<input type=\"email\" value=\"\" name=\"EMAIL\" class=\"required email\" id=\"mce-EMAIL\">\n<\/div>\n<div id=\"mce-responses\" class=\"clear\">\n<div class=\"response\" id=\"mce-error-response\" style=\"display:none\"><\/div>\n<div class=\"response\" id=\"mce-success-response\" style=\"display:none\"><\/div>\n<\/p><\/div>\n<p>    <!-- real people should not fill this in and expect good things - do not remove this or risk form bot signups--><\/p>\n<div style=\"position: absolute; left: -5000px;\" aria-hidden=\"true\"><input type=\"text\" name=\"b_09be2993ab2aebb9b728c36a7_1a417bd5c2\" tabindex=\"-1\" value=\"\"><\/div>\n<div class=\"clear\"><input type=\"submit\" value=\"Invia\" name=\"subscribe\" id=\"mc-embedded-subscribe\" class=\"button\"><\/div>\n<\/p><\/div>\n<\/form>\n<\/div>\n<p><script type='text\/javascript' src='\/\/s3.amazonaws.com\/downloads.mailchimp.com\/js\/mc-validate.js'><\/script><script type='text\/javascript'>(function($) {window.fnames = new Array(); window.ftypes = new Array();fnames[0]='EMAIL';ftypes[0]='email';}(jQuery));var $mcj = jQuery.noConflict(true);<\/script><br \/>\n<!--End mc_embed_signup--><\/p>\n<p><a href=\"https:\/\/www.inexhibit.com\/wp-content\/uploads\/2015\/10\/electic-eat-robert-indiana-inexhibit.jpg\"><img loading=\"lazy\" decoding=\"async\" class=\"alignnone size-full wp-image-22715\" src=\"https:\/\/www.inexhibit.com\/wp-content\/uploads\/2015\/10\/electic-eat-robert-indiana-inexhibit.jpg\" alt=\"electic-eat-robert-indiana-inexhibit\" width=\"870\" height=\"400\" srcset=\"https:\/\/www.inexhibit.com\/wp-content\/uploads\/2015\/10\/electic-eat-robert-indiana-inexhibit.jpg 870w, https:\/\/www.inexhibit.com\/wp-content\/uploads\/2015\/10\/electic-eat-robert-indiana-inexhibit-300x138.jpg 300w, https:\/\/www.inexhibit.com\/wp-content\/uploads\/2015\/10\/electic-eat-robert-indiana-inexhibit-624x287.jpg 624w\" sizes=\"auto, (max-width: 870px) 100vw, 870px\" \/><\/a>Robert Indiana, The Electric Eat, 1964\/2007; foto \u00a9 Inexhibit, 2015<\/p>\n","protected":false},"excerpt":{"rendered":"<p class=\"excerpt\">Se volete ricevere gli aggiornamenti sugli ultimi articoli di arte, architettura e [&hellip;]<\/p>\n","protected":false},"author":1497,"featured_media":0,"parent":0,"menu_order":0,"comment_status":"closed","ping_status":"closed","template":"","meta":{"_acf_changed":false,"footnotes":""},"visualizzazione-extra":[],"class_list":["post-22650","page","type-page","status-publish","hentry"],"acf":[],"_links":{"self":[{"href":"https:\/\/www.inexhibit.com\/it\/wp-json\/wp\/v2\/pages\/22650","targetHints":{"allow":["GET"]}}],"collection":[{"href":"https:\/\/www.inexhibit.com\/it\/wp-json\/wp\/v2\/pages"}],"about":[{"href":"https:\/\/www.inexhibit.com\/it\/wp-json\/wp\/v2\/types\/page"}],"author":[{"embeddable":true,"href":"https:\/\/www.inexhibit.com\/it\/wp-json\/wp\/v2\/users\/1497"}],"replies":[{"embeddable":true,"href":"https:\/\/www.inexhibit.com\/it\/wp-json\/wp\/v2\/comments?post=22650"}],"version-history":[{"count":0,"href":"https:\/\/www.inexhibit.com\/it\/wp-json\/wp\/v2\/pages\/22650\/revisions"}],"wp:attachment":[{"href":"https:\/\/www.inexhibit.com\/it\/wp-json\/wp\/v2\/media?parent=22650"}],"wp:term":[{"taxonomy":"visualizzazione-extra","embeddable":true,"href":"https:\/\/www.inexhibit.com\/it\/wp-json\/wp\/v2\/visualizzazione-extra?post=22650"}],"curies":[{"name":"wp","href":"https:\/\/api.w.org\/{rel}","templated":true}]}}